{"id":1766,"date":"2021-12-17T15:38:21","date_gmt":"2021-12-17T14:38:21","guid":{"rendered":"https:\/\/wallrafnext.hh-vision.de\/?page_id=1766"},"modified":"2021-12-17T15:39:46","modified_gmt":"2021-12-17T14:39:46","slug":"e2_02_99","status":"publish","type":"page","link":"https:\/\/wallrafnext.hh-vision.de\/en\/e2_02_99\/","title":{"rendered":"Bildinfo OG2 Minitest"},"content":{"rendered":"<div data-elementor-type=\"wp-page\" data-elementor-id=\"1766\" class=\"elementor elementor-1766\" data-elementor-settings=\"[]\">\n\t\t\t\t\t\t<div class=\"elementor-inner\">\n\t\t\t\t\t\t\t<div class=\"elementor-section-wrap\">\n\t\t\t\t\t\t\t<section class=\"elementor-section elementor-top-section elementor-element elementor-element-eac2739 popup minipopup elementor-section-stretched elementor-section-boxed elementor-section-height-default elementor-section-height-default\" data-id=\"eac2739\" data-element_type=\"section\" data-settings=\"{&quot;stretch_section&quot;:&quot;section-stretched&quot;}\">\n\t\t\t\t\t\t<div class=\"elementor-container elementor-column-gap-no\">\n\t\t\t\t\t\t\t<div class=\"elementor-row\">\n\t\t\t\t\t<div class=\"elementor-column elementor-col-100 elementor-top-column elementor-element elementor-element-535918c\" data-id=\"535918c\" data-element_type=\"column\">\n\t\t\t<div class=\"elementor-column-wrap elementor-element-populated\">\n\t\t\t\t\t\t\t<div class=\"elementor-widget-wrap\">\n\t\t\t\t\t\t<section class=\"elementor-section elementor-inner-section elementor-element elementor-element-e9a1fc0 elementor-section-full_width popupbody elementor-section-height-default elementor-section-height-default\" data-id=\"e9a1fc0\" data-element_type=\"section\" data-settings=\"{&quot;background_background&quot;:&quot;classic&quot;}\">\n\t\t\t\t\t\t<div class=\"elementor-container elementor-column-gap-extended\">\n\t\t\t\t\t\t\t<div class=\"elementor-row\">\n\t\t\t\t\t<div class=\"elementor-column elementor-col-100 elementor-inner-column elementor-element elementor-element-c248cea\" data-id=\"c248cea\" data-element_type=\"column\">\n\t\t\t<div class=\"elementor-column-wrap elementor-element-populated\">\n\t\t\t\t\t\t\t<div class=\"elementor-widget-wrap\">\n\t\t\t\t\t\t<div class=\"elementor-element elementor-element-19e911c elementor-widget elementor-widget-text-editor\" data-id=\"19e911c\" data-element_type=\"widget\" data-widget_type=\"text-editor.default\">\n\t\t\t\t<div class=\"elementor-widget-container\">\n\t\t\t\t\t\t\t\t<div class=\"elementor-text-editor elementor-clearfix\">\n\t\t\t\t<p><strong style=\"letter-spacing: 0px;\">Oil on Canvas, 164,5 \u00d7 191,5 cm<\/strong><\/p><p>Donated by Johann Heinrich Claren <br \/>Cologne, 1855<br \/>WRM 2122<\/p>\t\t\t\t\t<\/div>\n\t\t\t\t\t\t<\/div>\n\t\t\t\t<\/div>\n\t\t\t\t\t\t<\/div>\n\t\t\t\t\t<\/div>\n\t\t<\/div>\n\t\t\t\t\t\t\t\t<\/div>\n\t\t\t\t\t<\/div>\n\t\t<\/section>\n\t\t\t\t\t\t<\/div>\n\t\t\t\t\t<\/div>\n\t\t<\/div>\n\t\t\t\t\t\t\t\t<\/div>\n\t\t\t\t\t<\/div>\n\t\t<\/section>\n\t\t\t\t\t\t<\/div>\n\t\t\t\t\t\t<\/div>\n\t\t\t\t\t<\/div>\n\t\t<div id=\"socialmedialinks\"><a href=\"https:\/\/www.facebook.com\/wallraf.museum\">\n\t\t\t\t\t\t\t<img width=\"30\" height=\"30\" src=\"https:\/\/wallrafnext.hh-vision.de\/wp-content\/uploads\/Icon_Social_fb.png\" class=\"attachment-full size-full\" alt=\"\" loading=\"lazy\" \/>\t\t\t\t\t\t\t\t<\/a><a href=\"https:\/\/www.instagram.com\/wallrafrichartzmuseum\/\">\n\t\t\t\t\t\t\t<img width=\"30\" height=\"30\" src=\"https:\/\/wallrafnext.hh-vision.de\/wp-content\/uploads\/Icon_Social_instagram.png\" class=\"attachment-full size-full\" alt=\"\" loading=\"lazy\" \/>\t\t\t\t\t\t\t\t<\/a><\/div><script><\/script>","protected":false},"excerpt":{"rendered":"<p>\u00d6l auf Leinwand, 164,5 \u00d7 191,5 cm Stiftung Johann Heinrich Claren K\u00f6ln, 1855WRM 2122<\/p>","protected":false},"author":2,"featured_media":0,"parent":0,"menu_order":1,"comment_status":"closed","ping_status":"closed","template":"elementor_header_footer","meta":[],"_links":{"self":[{"href":"https:\/\/wallrafnext.hh-vision.de\/en\/wp-json\/wp\/v2\/pages\/1766"}],"collection":[{"href":"https:\/\/wallrafnext.hh-vision.de\/en\/wp-json\/wp\/v2\/pages"}],"about":[{"href":"https:\/\/wallrafnext.hh-vision.de\/en\/wp-json\/wp\/v2\/types\/page"}],"author":[{"embeddable":true,"href":"https:\/\/wallrafnext.hh-vision.de\/en\/wp-json\/wp\/v2\/users\/2"}],"replies":[{"embeddable":true,"href":"https:\/\/wallrafnext.hh-vision.de\/en\/wp-json\/wp\/v2\/comments?post=1766"}],"version-history":[{"count":1,"href":"https:\/\/wallrafnext.hh-vision.de\/en\/wp-json\/wp\/v2\/pages\/1766\/revisions"}],"predecessor-version":[{"id":1767,"href":"https:\/\/wallrafnext.hh-vision.de\/en\/wp-json\/wp\/v2\/pages\/1766\/revisions\/1767"}],"wp:attachment":[{"href":"https:\/\/wallrafnext.hh-vision.de\/en\/wp-json\/wp\/v2\/media?parent=1766"}],"curies":[{"name":"wp","href":"https:\/\/api.w.org\/{rel}","templated":true}]}}